{"id":388,"date":"2025-04-17T03:54:37","date_gmt":"2025-04-17T03:54:37","guid":{"rendered":"https:\/\/solvior.themejunction.net\/?page_id=388"},"modified":"2026-03-14T14:56:53","modified_gmt":"2026-03-14T12:56:53","slug":"carreira","status":"publish","type":"page","link":"https:\/\/inviktus.co.mz\/en\/carreira\/","title":{"rendered":"Careers"},"content":{"rendered":"<div data-elementor-type=\"wp-page\" data-elementor-id=\"388\" class=\"elementor elementor-388\">\n\t\t\t\t<div class=\"elementor-element elementor-element-8d19a16 e-flex e-con-boxed e-con e-parent\" data-id=\"8d19a16\" data-element_type=\"container\" data-e-type=\"container\">\n\t\t\t\t\t<div class=\"e-con-inner\">\n\t\t<div class=\"elementor-element elementor-element-c15f558 e-con-full e-flex e-con e-child\" data-id=\"c15f558\" data-element_type=\"container\" data-e-type=\"container\">\n\t\t<div class=\"elementor-element elementor-element-b29e24f e-con-full h6-hero-content e-flex e-con e-child\" data-id=\"b29e24f\" data-element_type=\"container\" data-e-type=\"container\">\n\t\t\t\t<div class=\"elementor-element elementor-element-0d97a93 elementor-widget elementor-widget-text-editor\" data-id=\"0d97a93\" data-element_type=\"widget\" data-e-type=\"widget\" data-widget_type=\"text-editor.default\">\n\t\t\t\t\t\t\t\t\t<div class=\"sub-title wow fadeInUp\" data-wow-delay=\"0.1s\"><i class=\"tji-check\"><\/i>Parceiro de Confian\u00e7a em Diplomacia e Governa\u00e7\u00e3o<\/div>\t\t\t\t\t\t\t\t<\/div>\n\t\t\t\t<div class=\"elementor-element elementor-element-d2bacd0 tj_section_align elementor-align-center elementor-widget elementor-widget-tj-title\" data-id=\"d2bacd0\" data-element_type=\"widget\" data-e-type=\"widget\" data-widget_type=\"tj-title.default\">\n\t\t\t\t<div class=\"elementor-widget-container\">\n\t\t\t\t\t\n<div class=\"sec-heading style-2\">\n\n  \n  <h1 class=\"sec-title text-anim\">Oportunidade de <span>Carreira<\/span><\/h1>\n      <div data-wow-delay=\"0.3s\" class=\"desc wow fadeInUp\">\n          <\/div>\n  <\/div>\n\n\t\t\t\t<\/div>\n\t\t\t\t<\/div>\n\t\t\t\t<\/div>\n\t\t\t\t<\/div>\n\t\t\t\t\t<\/div>\n\t\t\t\t<\/div>\n\t\t<div class=\"elementor-element elementor-element-e4671b8 e-con-full e-flex e-con e-parent\" data-id=\"e4671b8\" data-element_type=\"container\" data-e-type=\"container\">\n\t\t\t\t<div class=\"elementor-element elementor-element-067aad5 elementor-widget elementor-widget-tj-careers\" data-id=\"067aad5\" data-element_type=\"widget\" data-e-type=\"widget\" data-widget_type=\"tj-careers.default\">\n\t\t\t\t<div class=\"elementor-widget-container\">\n\t\t\t\t\t\n<div data-wow-delay=\"0.3s\" class=\"tj-careers wow fadeInUp\">\n\n      <div class=\"tj-careers-icon mb-30\">\n      <i aria-hidden=\"true\" class=\"tj tji-manage\"><\/i>    <\/div>\n        <div class=\"tj-careers-tag\">\n      <span>H\u00edbrido<\/span> <span>Est\u00e1gio<\/span>    <\/div>\n        <h4 class=\"tj-careers-title\">\n              <a href=\"https:\/\/inviktus.co.mz\/en\/oficial-de-comunicacao-e-projectos\/\"  >\n          Oficial de Comunica\u00e7\u00e3o e Projectos        <\/a>\n      \n    <\/h4>\n      <div class=\"tj-careers-bottom\">\n          <span class=\"location\"><i class=\"tji-location\"><\/i>Maputo<\/span>\n              <a href=\"https:\/\/inviktus.co.mz\/en\/oficial-de-comunicacao-e-projectos\/\" class=\"tj-careers-btn\">\n        <div class=\"btn-text\">\n          <span>Aplicar<\/span>\n        <\/div>\n                  <span class=\"btn-icon\">\n            <i aria-hidden=\"true\" class=\"tji-angle-right\"><\/i>            <i aria-hidden=\"true\" class=\"tji-angle-right\"><\/i>          <\/span>\n              <\/a>\n      <\/div>\n<\/div>\n\n\t\t\t\t<\/div>\n\t\t\t\t<\/div>\n\t\t\t\t<\/div>\n\t\t\t\t<\/div>","protected":false},"excerpt":{"rendered":"<p>Parceiro de Confian\u00e7a em Diplomacia e Governa\u00e7\u00e3o Oportunidade de Carreira H\u00edbrido Est\u00e1gio Oficial de Comunica\u00e7\u00e3o e Projectos Maputo Aplicar<\/p>","protected":false},"author":1,"featured_media":0,"parent":0,"menu_order":0,"comment_status":"closed","ping_status":"closed","template":"elementor_header_footer","meta":{"_acf_changed":false,"footnotes":""},"class_list":["post-388","page","type-page","status-publish","hentry"],"acf":[],"aioseo_notices":[],"_links":{"self":[{"href":"https:\/\/inviktus.co.mz\/en\/wp-json\/wp\/v2\/pages\/388","targetHints":{"allow":["GET"]}}],"collection":[{"href":"https:\/\/inviktus.co.mz\/en\/wp-json\/wp\/v2\/pages"}],"about":[{"href":"https:\/\/inviktus.co.mz\/en\/wp-json\/wp\/v2\/types\/page"}],"author":[{"embeddable":true,"href":"https:\/\/inviktus.co.mz\/en\/wp-json\/wp\/v2\/users\/1"}],"replies":[{"embeddable":true,"href":"https:\/\/inviktus.co.mz\/en\/wp-json\/wp\/v2\/comments?post=388"}],"version-history":[{"count":28,"href":"https:\/\/inviktus.co.mz\/en\/wp-json\/wp\/v2\/pages\/388\/revisions"}],"predecessor-version":[{"id":6926,"href":"https:\/\/inviktus.co.mz\/en\/wp-json\/wp\/v2\/pages\/388\/revisions\/6926"}],"wp:attachment":[{"href":"https:\/\/inviktus.co.mz\/en\/wp-json\/wp\/v2\/media?parent=388"}],"curies":[{"name":"wp","href":"https:\/\/api.w.org\/{rel}","templated":true}]}}